{"id":958,"date":"2025-09-03T10:16:57","date_gmt":"2025-09-03T10:16:57","guid":{"rendered":"https:\/\/ooeggs.com\/cz\/?post_type=product&#038;p=958"},"modified":"2026-04-13T07:50:21","modified_gmt":"2026-04-13T07:50:21","slug":"kojici-podprsenka-meggie-beige","status":"publish","type":"product","link":"https:\/\/ooeggs.com\/cz\/kojici-podprsenka-meggie-beige\/","title":{"rendered":"Kojic\u00ed podprsenka Meggie beige"},"content":{"rendered":"<p data-start=\"407\" data-end=\"626\"><a href=\"https:\/\/ooeggs.com\/cz\/wp-content\/uploads\/sites\/2\/2025\/09\/Snimek-obrazovky-2025-09-03-v-12.31.52.png\">\u00a0 \u00a0 <img alt=\"\" loading=\"lazy\" decoding=\"async\" class=\"alignnone  wp-image-966\" src=\"https:\/\/ooeggs.com\/cz\/wp-content\/uploads\/sites\/2\/2025\/09\/Snimek-obrazovky-2025-09-03-v-12.31.52.png\" alt=\"\" width=\"672\" height=\"124\" srcset=\"https:\/\/ooeggs.com\/cz\/wp-content\/uploads\/sites\/2\/2025\/09\/Snimek-obrazovky-2025-09-03-v-12.31.52.png 775w, https:\/\/ooeggs.com\/cz\/wp-content\/uploads\/sites\/2\/2025\/09\/Snimek-obrazovky-2025-09-03-v-12.31.52-500x92.png 500w, https:\/\/ooeggs.com\/cz\/wp-content\/uploads\/sites\/2\/2025\/09\/Snimek-obrazovky-2025-09-03-v-12.31.52-768x142.png 768w\" sizes=\"auto, (max-width: 672px) 100vw, 672px\" \/><\/a><\/p>\n<p data-start=\"407\" data-end=\"626\">Tato<strong> kojic\u00ed podprsenka<\/strong> je navr\u017eena tak, aby poskytovala maxim\u00e1ln\u00ed komfort b\u011bhem kojen\u00ed i ka\u017edodenn\u00edho no\u0161en\u00ed. D\u00edky m\u011bkk\u00e9mu, poko\u017ece p\u0159\u00e1telsk\u00e9mu materi\u00e1lu se skv\u011ble p\u0159izp\u016fsob\u00ed tvaru t\u011bla a z\u016fst\u00e1v\u00e1 pohodln\u00e1 po cel\u00fd den.<\/p>\n<p data-start=\"628\" data-end=\"986\">Praktick\u00e9 zap\u00edn\u00e1n\u00ed typu <em data-start=\"652\" data-end=\"663\">clik-clak<\/em> na ram\u00ednku umo\u017e\u0148uje snadn\u00e9 a rychl\u00e9 odepnut\u00ed ko\u0161\u00ed\u010dku jednou rukou \u2013 ide\u00e1ln\u00ed p\u0159i kojen\u00ed miminka. Obvod lze regulovat ve \u010dty\u0159ech stupn\u00edch, tak\u017ee podprsenka roste s v\u00e1mi a p\u0159izp\u016fsob\u00ed se zm\u011bn\u00e1m postavy. Elastick\u00e1, protiskluzov\u00e1 ram\u00ednka zaji\u0161\u0165uj\u00ed stabilitu, zat\u00edmco vyj\u00edmateln\u00e9 vycp\u00e1vky poskytuj\u00ed mo\u017enost individu\u00e1ln\u00ed \u00fapravy.<\/p>\n<p data-start=\"988\" data-end=\"1170\">Prody\u0161n\u00e9 ko\u0161\u00ed\u010dky podporuj\u00ed cirkulaci vzduchu a dod\u00e1vaj\u00ed pocit lehkosti i b\u011bhem n\u00e1ro\u010dn\u00fdch dn\u00ed. Spojen\u00ed <strong data-start=\"1090\" data-end=\"1120\">92 % nylonu a 8 % elastanu<\/strong> zaru\u010duje pru\u017enost, jemnost a dlouhou \u017eivotnost.<\/p>\n<p data-start=\"1172\" data-end=\"1267\">\ud83d\udc49 Ide\u00e1ln\u00ed volba pro maminky, kter\u00e9 hledaj\u00ed kombinaci pohodl\u00ed, prakti\u010dnosti a jemn\u00e9 elegance.<\/p>\n","protected":false},"excerpt":{"rendered":"<p>Pohodln\u00e1<strong> kojic\u00ed podprsenka<\/strong> z jemn\u00e9ho, prody\u0161n\u00e9ho materi\u00e1lu s vyj\u00edmateln\u00fdmi vycp\u00e1vkami.<\/p>\n<p>Nab\u00edz\u00ed snadn\u00e9 odep\u00edn\u00e1n\u00ed ko\u0161\u00ed\u010dk\u016f jednou rukou, \u010dty\u0159stup\u0148ovou regulaci obvodu a elastick\u00e1, neklouzaj\u00edc\u00ed ram\u00ednka.<\/p>\n","protected":false},"featured_media":969,"comment_status":"open","ping_status":"closed","template":"","meta":{"_seopress_robots_primary_cat":"none","_seopress_titles_title":"","_seopress_titles_desc":"Pohodln\u00e1 kojic\u00ed podprsenka z jemn\u00e9ho, prody\u0161n\u00e9ho materi\u00e1lu s vyj\u00edmateln\u00fdmi vycp\u00e1vkami. Nab\u00edz\u00ed snadn\u00e9 odep\u00edn\u00e1n\u00ed ko\u0161\u00ed\u010dk\u016f jednou rukou, \u010dty\u0159stup\u0148ovou regulaci obvodu a elastick\u00e1, neklouzaj\u00edc\u00ed ram\u00ednka.","_seopress_robots_index":""},"product_brand":[],"product_cat":[25],"product_tag":[],"class_list":{"0":"post-958","1":"product","2":"type-product","3":"status-publish","4":"has-post-thumbnail","6":"product_cat-kojici-podprsenky","8":"first","9":"instock","10":"taxable","11":"shipping-taxable","12":"purchasable","13":"product-type-variable"},"_links":{"self":[{"href":"https:\/\/ooeggs.com\/cz\/wp-json\/wp\/v2\/product\/958","targetHints":{"allow":["GET"]}}],"collection":[{"href":"https:\/\/ooeggs.com\/cz\/wp-json\/wp\/v2\/product"}],"about":[{"href":"https:\/\/ooeggs.com\/cz\/wp-json\/wp\/v2\/types\/product"}],"replies":[{"embeddable":true,"href":"https:\/\/ooeggs.com\/cz\/wp-json\/wp\/v2\/comments?post=958"}],"wp:featuredmedia":[{"embeddable":true,"href":"https:\/\/ooeggs.com\/cz\/wp-json\/wp\/v2\/media\/969"}],"wp:attachment":[{"href":"https:\/\/ooeggs.com\/cz\/wp-json\/wp\/v2\/media?parent=958"}],"wp:term":[{"taxonomy":"product_brand","embeddable":true,"href":"https:\/\/ooeggs.com\/cz\/wp-json\/wp\/v2\/product_brand?post=958"},{"taxonomy":"product_cat","embeddable":true,"href":"https:\/\/ooeggs.com\/cz\/wp-json\/wp\/v2\/product_cat?post=958"},{"taxonomy":"product_tag","embeddable":true,"href":"https:\/\/ooeggs.com\/cz\/wp-json\/wp\/v2\/product_tag?post=958"}],"curies":[{"name":"wp","href":"https:\/\/api.w.org\/{rel}","templated":true}]}}